{"id":20,"date":"2019-02-19T11:31:29","date_gmt":"2019-02-19T10:31:29","guid":{"rendered":"http:\/\/www.spiel-und-lernstuben.de\/WP\/?page_id=20"},"modified":"2019-02-25T00:17:47","modified_gmt":"2019-02-24T23:17:47","slug":"events","status":"publish","type":"page","link":"https:\/\/www.spiel-und-lernstuben.de\/WP\/?page_id=20","title":{"rendered":"Projekte"},"content":{"rendered":"\t\t<div data-elementor-type=\"wp-post\" data-elementor-id=\"20\" class=\"elementor elementor-20 elementor-bc-flex-widget\">\n\t\t\t\t\t\t<section class=\"elementor-section elementor-top-section elementor-element elementor-element-52e87054 elementor-section-boxed elementor-section-height-default elementor-section-height-default\" data-id=\"52e87054\" data-element_type=\"section\" data-e-type=\"section\">\n\t\t\t\t\t\t<div class=\"elementor-container elementor-column-gap-default\">\n\t\t\t\t\t<div class=\"elementor-column elementor-col-100 elementor-top-column elementor-element elementor-element-27347146\" data-id=\"27347146\" data-element_type=\"column\" data-e-type=\"column\">\n\t\t\t<div class=\"elementor-widget-wrap elementor-element-populated\">\n\t\t\t\t\t\t<div class=\"elementor-element elementor-element-4bede9d3 elementor-widget elementor-widget-heading\" data-id=\"4bede9d3\" data-element_type=\"widget\" data-e-type=\"widget\" data-widget_type=\"heading.default\">\n\t\t\t\t<div class=\"elementor-widget-container\">\n\t\t\t\t\t<h1 class=\"elementor-heading-title elementor-size-default\">F\u00f6rderwettbewerb \u201eSparda macht\u2019s m\u00f6glich\u201c<\/h1>\t\t\t\t<\/div>\n\t\t\t\t<\/div>\n\t\t\t\t<div class=\"elementor-element elementor-element-2c0c2b75 elementor-widget elementor-widget-text-editor\" data-id=\"2c0c2b75\" data-element_type=\"widget\" data-e-type=\"widget\" data-widget_type=\"text-editor.default\">\n\t\t\t\t<div class=\"elementor-widget-container\">\n\t\t\t\t\t\t\t\t\t<p>Hier bewarben sich die Spielstube Bruck (Kinder 3-6 Jahre) und die Lernstube Hertleinstra\u00dfe 22-24 (1.-4. Klasse), als zwei von 172 Bewerbern. Und beide waren gro\u00dfartig!<br \/>Neben einem Publikumspreis vergibt eine fachkundige Jury jeweils vier F\u00f6rderpreise pro Kategorie \u00fcber je 2.500 Euro.<\/p><p>Die Spielstube Bruck hat sich in der Kategorie \u201eBewegung und Gesundheit f\u00f6rdern\u201c beworben mit \u201eAlles was mir gut tut!\u201c und einen Sonderpreis \u00fcber 2500 Euro gewonnen.<\/p><p>Beschreibung des Projektes:<br \/>Das Projekt wurde unter konsequenter Beteiligung und Mitbestimmung der Kinder entwickelt. Ziel ist, die Kinder f\u00fcr die Bed\u00fcrfnisse ihres K\u00f6rpers und ihre Psyche zu sensibilisieren und mit ihnen M\u00f6glichkeiten zu erarbeiten, diese zu befriedigen.<br \/>So haben wir unsere Mittagsverpflegung auf \u201eSelbstkochen\u201c umgestellt, wobei wir Bioprodukte verwenden und auf wohnortnahen Anbau achten.<br \/>W\u00f6chentlich erstellen wir gemeinsam mit den Kindern den Speiseplan (DEG Standard), haben uns ein Repertoire von ca. 40 Gerichten erstellt, diese probegekocht, mit einem Punktesystem bewertet und die besten in ein selbst erstelltes Kochbuch aufgenommen.<br \/>Weiterhin gestalten wir einmal w\u00f6chentlich ein gesundes Fr\u00fchst\u00fcck, zu dem jedes Kind ein gesundes Lebensmittel aus dem elterlichen Haushalt mitbringt.<br \/>Im Hinblick auf den Schwerpunkt Bewegung k\u00f6nnen wir einerseits auf unseren bereits vorhandenen, jederzeit zug\u00e4nglichen Bewegungsraum zur\u00fcckgreifen, andererseits auch auf einen Sponsor, der uns viele sportliche Aktivit\u00e4ten erm\u00f6glicht. So k\u00f6nnen wir regelm\u00e4\u00dfig einen Schwimmkurs anbieten, des Weiteren fanden je ein Workshop im Bogenschie\u00dfen, im Schlittschuhlaufen, im Kick-Boxen, im Fu\u00dfballspielen und im Tennisspielen statt. Unabh\u00e4ngig von diesen sportlichen Aktivit\u00e4ten nutzen wir das angrenzende Naturschutzgebiet f\u00fcr Waldtage und unser Au\u00dfengel\u00e4nde derzeit vorrangig zum Erlernen des Fahrradfahrens.<br \/>Der Wichtigkeit von Ruhe, Entspannung und Erholungsphasen f\u00fcr den K\u00f6rper versuchen wir durch regelm\u00e4\u00dfige Yoga-Stunden, Traumreisen etc. gerecht zu werden.<\/p><p>Die Lernstube Hertleinstra\u00dfe 22-24 hat sich mit dem Projekt \u201cSTOPP-M\u00dcLL-FILM \u2013 Wir sch\u00fctzen unsere Umwelt!\u201d beworben, 950 Stimmen gesammelt (= 38. Platz) und 1000,00 Euro Preisgeld + 250 Euro Grundf\u00f6rderung gewonnen.<\/p><p>Beschreibung des Projektes:<\/p><p>Unsere Projektgruppe, bestehend aus 3 Grundschulkindern mit Migrationshintergrund, m\u00f6chte sehr gerne die Relevanz von Umweltschutz in unserer Gesellschaft anhand eines Stopp-Trick-Filmes darstellen. Im Projekt k\u00f6nnen die Kinder medienp\u00e4dagogische Erfahrungen sammeln, sowie bereits bestehendes Wissen aus dem Fachgebiet Heimat- und Sachkunde einbringen und vertiefen. Das Besondere an einem Stopp-Trick-Film ist, dass in der Projektphase sowohl ein intensiver sprachlicher Austausch als auch ein demokratischer Umgang unabdingbar sind. Das Ergebnis jedoch ist ein rein visueller Film, der f\u00fcr Menschen jeder Sprache verst\u00e4ndlich ist. In unserem Stadtteil \u201cAm Anger\u201d stellt die M\u00fcllentsorgung in der Natur durch einige Personen seit Jahren ein brisantes Thema dar, mit welchem wir uns t\u00e4glich konfrontiert f\u00fchlen. Die Kinder erleben schlechte Vorbilder und wollen sich \u00f6ffentlich f\u00fcr den Umweltschutz einsetzen! Ziel ist es, den Film an unserem Sommerfest unter dem Motto \u201cHaus der kleinen Forscher\u201d unseren G\u00e4sten (Kinder und Eltern der Lernstube und anderer Einrichtungen unseres Stadtteiles, Anwohner, Lehrer und Jugendsozialarbeiter der Pestalozzischule etc.) zu pr\u00e4sentieren und so auf das wichtige Thema \u201cUmweltschutz\/M\u00fcllentsorgung\u201d aufmerksam zu machen. An unserem Sommerfest erhalten wir offiziell die Zertifizierungsurkunde \u201cHaus der kleinen Forscher\u201d. Unsere Filme k\u00f6nnen im youtube-Kanal des Jugendamtes eingesehen werden:<\/p><p><a href=\"https:\/\/www.youtube.com\/watch?v=wNd4cFlL8fI\" target=\"_blank\" rel=\"noopener\">https:\/\/www.youtube.com\/watch?v=wNd4cFlL8fI<\/a><br \/><a href=\"https:\/\/www.youtube.com\/watch?v=oDKE_Ioniio\" target=\"_blank\" rel=\"noopener\">https:\/\/www.youtube.com\/watch?v=oDKE_Ioniio<\/a><br \/><a href=\"https:\/\/www.youtube.com\/watch?v=TWe9vK-BIfA\" target=\"_blank\" rel=\"noopener\">https:\/\/www.youtube.com\/watch?v=TWe9vK-BIfA<\/a><\/p>\t\t\t\t\t\t\t\t<\/div>\n\t\t\t\t<\/div>\n\t\t\t\t<div class=\"elementor-element elementor-element-2db652ae elementor-widget-divider--view-line elementor-widget elementor-widget-divider\" data-id=\"2db652ae\" data-element_type=\"widget\" data-e-type=\"widget\" data-widget_type=\"divider.default\">\n\t\t\t\t<div class=\"elementor-widget-container\">\n\t\t\t\t\t\t\t<div class=\"elementor-divider\">\n\t\t\t<span class=\"elementor-divider-separator\">\n\t\t\t\t\t\t<\/span>\n\t\t<\/div>\n\t\t\t\t\t\t<\/div>\n\t\t\t\t<\/div>\n\t\t\t\t\t<\/div>\n\t\t<\/div>\n\t\t\t\t\t<\/div>\n\t\t<\/section>\n\t\t\t\t<\/div>\n\t\t","protected":false},"excerpt":{"rendered":"<p>F\u00f6rderwettbewerb \u201eSparda macht\u2019s m\u00f6glich\u201c Hier bewarben sich die Spielstube Bruck (Kinder 3-6 Jahre) und die Lernstube Hertleinstra\u00dfe 22-24 (1.-4. Klasse), als zwei von 172 Bewerbern. Und beide waren gro\u00dfartig! Neben einem Publikumspreis vergibt eine fachkundige Jury jeweils vier F\u00f6rderpreise pro Kategorie \u00fcber je 2.500 Euro. Die Spielstube Bruck hat sich in der Kategorie \u201eBewegung und [&hellip;]<\/p>\n","protected":false},"author":2,"featured_media":0,"parent":0,"menu_order":0,"comment_status":"closed","ping_status":"closed","template":"","meta":{"ocean_post_layout":"","ocean_both_sidebars_style":"","ocean_both_sidebars_content_width":0,"ocean_both_sidebars_sidebars_width":0,"ocean_sidebar":"0","ocean_second_sidebar":"0","ocean_disable_margins":"enable","ocean_add_body_class":"","ocean_shortcode_before_top_bar":"","ocean_shortcode_after_top_bar":"","ocean_shortcode_before_header":"","ocean_shortcode_after_header":"","ocean_has_shortcode":"","ocean_shortcode_after_title":"","ocean_shortcode_before_footer_widgets":"","ocean_shortcode_after_footer_widgets":"","ocean_shortcode_before_footer_bottom":"","ocean_shortcode_after_footer_bottom":"","ocean_display_top_bar":"default","ocean_display_header":"default","ocean_header_style":"","ocean_center_header_left_menu":"0","ocean_custom_header_template":"0","ocean_custom_logo":0,"ocean_custom_retina_logo":0,"ocean_custom_logo_max_width":0,"ocean_custom_logo_tablet_max_width":0,"ocean_custom_logo_mobile_max_width":0,"ocean_custom_logo_max_height":0,"ocean_custom_logo_tablet_max_height":0,"ocean_custom_logo_mobile_max_height":0,"ocean_header_custom_menu":"0","ocean_menu_typo_font_family":"0","ocean_menu_typo_font_subset":"","ocean_menu_typo_font_size":0,"ocean_menu_typo_font_size_tablet":0,"ocean_menu_typo_font_size_mobile":0,"ocean_menu_typo_font_size_unit":"px","ocean_menu_typo_font_weight":"","ocean_menu_typo_font_weight_tablet":"","ocean_menu_typo_font_weight_mobile":"","ocean_menu_typo_transform":"","ocean_menu_typo_transform_tablet":"","ocean_menu_typo_transform_mobile":"","ocean_menu_typo_line_height":0,"ocean_menu_typo_line_height_tablet":0,"ocean_menu_typo_line_height_mobile":0,"ocean_menu_typo_line_height_unit":"","ocean_menu_typo_spacing":0,"ocean_menu_typo_spacing_tablet":0,"ocean_menu_typo_spacing_mobile":0,"ocean_menu_typo_spacing_unit":"","ocean_menu_link_color":"","ocean_menu_link_color_hover":"","ocean_menu_link_color_active":"","ocean_menu_link_background":"","ocean_menu_link_hover_background":"","ocean_menu_link_active_background":"","ocean_menu_social_links_bg":"","ocean_menu_social_hover_links_bg":"","ocean_menu_social_links_color":"","ocean_menu_social_hover_links_color":"","ocean_disable_title":"default","ocean_disable_heading":"default","ocean_post_title":"","ocean_post_subheading":"","ocean_post_title_style":"","ocean_post_title_background_color":"","ocean_post_title_background":0,"ocean_post_title_bg_image_position":"","ocean_post_title_bg_image_attachment":"","ocean_post_title_bg_image_repeat":"","ocean_post_title_bg_image_size":"","ocean_post_title_height":0,"ocean_post_title_bg_overlay":0.5,"ocean_post_title_bg_overlay_color":"","ocean_disable_breadcrumbs":"default","ocean_breadcrumbs_color":"","ocean_breadcrumbs_separator_color":"","ocean_breadcrumbs_links_color":"","ocean_breadcrumbs_links_hover_color":"","ocean_display_footer_widgets":"default","ocean_display_footer_bottom":"default","ocean_custom_footer_template":"0","footnotes":""},"class_list":["post-20","page","type-page","status-publish","hentry","entry"],"_links":{"self":[{"href":"https:\/\/www.spiel-und-lernstuben.de\/WP\/index.php?rest_route=\/wp\/v2\/pages\/20","targetHints":{"allow":["GET"]}}],"collection":[{"href":"https:\/\/www.spiel-und-lernstuben.de\/WP\/index.php?rest_route=\/wp\/v2\/pages"}],"about":[{"href":"https:\/\/www.spiel-und-lernstuben.de\/WP\/index.php?rest_route=\/wp\/v2\/types\/page"}],"author":[{"embeddable":true,"href":"https:\/\/www.spiel-und-lernstuben.de\/WP\/index.php?rest_route=\/wp\/v2\/users\/2"}],"replies":[{"embeddable":true,"href":"https:\/\/www.spiel-und-lernstuben.de\/WP\/index.php?rest_route=%2Fwp%2Fv2%2Fcomments&post=20"}],"version-history":[{"count":4,"href":"https:\/\/www.spiel-und-lernstuben.de\/WP\/index.php?rest_route=\/wp\/v2\/pages\/20\/revisions"}],"predecessor-version":[{"id":209,"href":"https:\/\/www.spiel-und-lernstuben.de\/WP\/index.php?rest_route=\/wp\/v2\/pages\/20\/revisions\/209"}],"wp:attachment":[{"href":"https:\/\/www.spiel-und-lernstuben.de\/WP\/index.php?rest_route=%2Fwp%2Fv2%2Fmedia&parent=20"}],"curies":[{"name":"wp","href":"https:\/\/api.w.org\/{rel}","templated":true}]}}