{"id":26,"date":"2019-02-19T11:33:20","date_gmt":"2019-02-19T10:33:20","guid":{"rendered":"http:\/\/www.spiel-und-lernstuben.de\/WP\/?page_id=26"},"modified":"2020-11-12T14:59:52","modified_gmt":"2020-11-12T13:59:52","slug":"vorstand","status":"publish","type":"page","link":"https:\/\/www.spiel-und-lernstuben.de\/WP\/?page_id=26","title":{"rendered":"Vorstand"},"content":{"rendered":"\t\t<div data-elementor-type=\"wp-post\" data-elementor-id=\"26\" class=\"elementor elementor-26\">\n\t\t\t\t\t\t<section class=\"elementor-section elementor-top-section elementor-element elementor-element-51c1f868 elementor-section-boxed elementor-section-height-default elementor-section-height-default\" data-id=\"51c1f868\" data-element_type=\"section\" data-e-type=\"section\">\n\t\t\t\t\t\t<div class=\"elementor-container elementor-column-gap-default\">\n\t\t\t\t\t<div class=\"elementor-column elementor-col-100 elementor-top-column elementor-element elementor-element-58f8fb83\" data-id=\"58f8fb83\" data-element_type=\"column\" data-e-type=\"column\">\n\t\t\t<div class=\"elementor-widget-wrap elementor-element-populated\">\n\t\t\t\t\t\t<div class=\"elementor-element elementor-element-5e6e49a6 elementor-widget elementor-widget-text-editor\" data-id=\"5e6e49a6\" data-element_type=\"widget\" data-e-type=\"widget\" data-widget_type=\"text-editor.default\">\n\t\t\t\t<div class=\"elementor-widget-container\">\n\t\t\t\t\t\t\t\t\t<p>1. Vorsitzende<br><span style=\"color: #f79400;\">Hannelore Nowak<\/span>, Gleiwitzer Str. 30, 91058 Erlangen<\/p>\n<p>2. Vorsitzender<br><span style=\"color: #f79400;\">Helmut Wening<\/span>, \u00d6sterreicher Str. 55, 91052 Erlangen<\/p>\n<p><span style=\"font-size: 13px; letter-spacing: 0.3px;\">Schatzmeister<br><\/span><span style=\"font-size: 13px; letter-spacing: 0.3px; color: rgb(247, 148, 0);\">Herbert Elsner<\/span><span style=\"font-size: 13px; letter-spacing: 0.3px;\">, Sophienstr. 81, 91052 Erlangen<\/span><span style=\"font-size: 13px; letter-spacing: 0.3px;\"><br><\/span><\/p>\n<p>Schriftf\u00fchrerin<br><span style=\"color: #f79400;\">Birgitt A\u00dfmus<\/span>, Am Neuweiher 11, 91056 Erlangen<\/p>\n<p>Weitere Informationen erhalten Sie gerne bei Hanne Nowak<br>Gleiwitzer Str. 30, 91058 Erlangen, Telefon 09131 32779<br>oder unter&nbsp;<a style=\"font-size: 13px; letter-spacing: 0.3px; background-color: #ffffff;\" href=\"mailto:Info@Spiel-und-Lernstuben.de\" target=\"_blank\" rel=\"noopener\">Info@Spiel-und-Lernstuben.de<\/a><\/p>\t\t\t\t\t\t\t\t<\/div>\n\t\t\t\t<\/div>\n\t\t\t\t<div class=\"elementor-element elementor-element-144df709 elementor-widget-divider--view-line elementor-widget elementor-widget-divider\" data-id=\"144df709\" data-element_type=\"widget\" data-e-type=\"widget\" data-widget_type=\"divider.default\">\n\t\t\t\t<div class=\"elementor-widget-container\">\n\t\t\t\t\t\t\t<div class=\"elementor-divider\">\n\t\t\t<span class=\"elementor-divider-separator\">\n\t\t\t\t\t\t<\/span>\n\t\t<\/div>\n\t\t\t\t\t\t<\/div>\n\t\t\t\t<\/div>\n\t\t\t\t\t<\/div>\n\t\t<\/div>\n\t\t\t\t\t<\/div>\n\t\t<\/section>\n\t\t\t\t<\/div>\n\t\t","protected":false},"excerpt":{"rendered":"<p>1. VorsitzendeHannelore Nowak, Gleiwitzer Str. 30, 91058 Erlangen 2. VorsitzenderHelmut Wening, \u00d6sterreicher Str. 55, 91052 Erlangen SchatzmeisterHerbert Elsner, Sophienstr. 81, 91052 Erlangen Schriftf\u00fchrerinBirgitt A\u00dfmus, Am Neuweiher 11, 91056 Erlangen Weitere Informationen erhalten Sie gerne bei Hanne NowakGleiwitzer Str. 30, 91058 Erlangen, Telefon 09131 32779oder unter&nbsp;Info@Spiel-und-Lernstuben.de<\/p>\n","protected":false},"author":2,"featured_media":0,"parent":0,"menu_order":0,"comment_status":"closed","ping_status":"closed","template":"","meta":{"ocean_post_layout":"","ocean_both_sidebars_style":"","ocean_both_sidebars_content_width":0,"ocean_both_sidebars_sidebars_width":0,"ocean_sidebar":"0","ocean_second_sidebar":"0","ocean_disable_margins":"enable","ocean_add_body_class":"","ocean_shortcode_before_top_bar":"","ocean_shortcode_after_top_bar":"","ocean_shortcode_before_header":"","ocean_shortcode_after_header":"","ocean_has_shortcode":"","ocean_shortcode_after_title":"","ocean_shortcode_before_footer_widgets":"","ocean_shortcode_after_footer_widgets":"","ocean_shortcode_before_footer_bottom":"","ocean_shortcode_after_footer_bottom":"","ocean_display_top_bar":"default","ocean_display_header":"default","ocean_header_style":"","ocean_center_header_left_menu":"0","ocean_custom_header_template":"0","ocean_custom_logo":0,"ocean_custom_retina_logo":0,"ocean_custom_logo_max_width":0,"ocean_custom_logo_tablet_max_width":0,"ocean_custom_logo_mobile_max_width":0,"ocean_custom_logo_max_height":0,"ocean_custom_logo_tablet_max_height":0,"ocean_custom_logo_mobile_max_height":0,"ocean_header_custom_menu":"0","ocean_menu_typo_font_family":"0","ocean_menu_typo_font_subset":"","ocean_menu_typo_font_size":0,"ocean_menu_typo_font_size_tablet":0,"ocean_menu_typo_font_size_mobile":0,"ocean_menu_typo_font_size_unit":"px","ocean_menu_typo_font_weight":"","ocean_menu_typo_font_weight_tablet":"","ocean_menu_typo_font_weight_mobile":"","ocean_menu_typo_transform":"","ocean_menu_typo_transform_tablet":"","ocean_menu_typo_transform_mobile":"","ocean_menu_typo_line_height":0,"ocean_menu_typo_line_height_tablet":0,"ocean_menu_typo_line_height_mobile":0,"ocean_menu_typo_line_height_unit":"","ocean_menu_typo_spacing":0,"ocean_menu_typo_spacing_tablet":0,"ocean_menu_typo_spacing_mobile":0,"ocean_menu_typo_spacing_unit":"","ocean_menu_link_color":"","ocean_menu_link_color_hover":"","ocean_menu_link_color_active":"","ocean_menu_link_background":"","ocean_menu_link_hover_background":"","ocean_menu_link_active_background":"","ocean_menu_social_links_bg":"","ocean_menu_social_hover_links_bg":"","ocean_menu_social_links_color":"","ocean_menu_social_hover_links_color":"","ocean_disable_title":"default","ocean_disable_heading":"default","ocean_post_title":"","ocean_post_subheading":"","ocean_post_title_style":"","ocean_post_title_background_color":"","ocean_post_title_background":0,"ocean_post_title_bg_image_position":"","ocean_post_title_bg_image_attachment":"","ocean_post_title_bg_image_repeat":"","ocean_post_title_bg_image_size":"","ocean_post_title_height":0,"ocean_post_title_bg_overlay":0.5,"ocean_post_title_bg_overlay_color":"","ocean_disable_breadcrumbs":"default","ocean_breadcrumbs_color":"","ocean_breadcrumbs_separator_color":"","ocean_breadcrumbs_links_color":"","ocean_breadcrumbs_links_hover_color":"","ocean_display_footer_widgets":"default","ocean_display_footer_bottom":"default","ocean_custom_footer_template":"0","footnotes":""},"class_list":["post-26","page","type-page","status-publish","hentry","entry"],"_links":{"self":[{"href":"https:\/\/www.spiel-und-lernstuben.de\/WP\/index.php?rest_route=\/wp\/v2\/pages\/26","targetHints":{"allow":["GET"]}}],"collection":[{"href":"https:\/\/www.spiel-und-lernstuben.de\/WP\/index.php?rest_route=\/wp\/v2\/pages"}],"about":[{"href":"https:\/\/www.spiel-und-lernstuben.de\/WP\/index.php?rest_route=\/wp\/v2\/types\/page"}],"author":[{"embeddable":true,"href":"https:\/\/www.spiel-und-lernstuben.de\/WP\/index.php?rest_route=\/wp\/v2\/users\/2"}],"replies":[{"embeddable":true,"href":"https:\/\/www.spiel-und-lernstuben.de\/WP\/index.php?rest_route=%2Fwp%2Fv2%2Fcomments&post=26"}],"version-history":[{"count":3,"href":"https:\/\/www.spiel-und-lernstuben.de\/WP\/index.php?rest_route=\/wp\/v2\/pages\/26\/revisions"}],"predecessor-version":[{"id":408,"href":"https:\/\/www.spiel-und-lernstuben.de\/WP\/index.php?rest_route=\/wp\/v2\/pages\/26\/revisions\/408"}],"wp:attachment":[{"href":"https:\/\/www.spiel-und-lernstuben.de\/WP\/index.php?rest_route=%2Fwp%2Fv2%2Fmedia&parent=26"}],"curies":[{"name":"wp","href":"https:\/\/api.w.org\/{rel}","templated":true}]}}