{"id":38,"date":"2019-02-19T11:35:21","date_gmt":"2019-02-19T10:35:21","guid":{"rendered":"http:\/\/www.spiel-und-lernstuben.de\/WP\/?page_id=38"},"modified":"2019-02-25T00:07:01","modified_gmt":"2019-02-24T23:07:01","slug":"projekt-bus-uebergabe","status":"publish","type":"page","link":"https:\/\/www.spiel-und-lernstuben.de\/WP\/?page_id=38","title":{"rendered":"Projekt: Bus-\u00dcbergabe"},"content":{"rendered":"\t\t<div data-elementor-type=\"wp-post\" data-elementor-id=\"38\" class=\"elementor elementor-38 elementor-bc-flex-widget\">\n\t\t\t\t\t\t<section class=\"elementor-section elementor-top-section elementor-element elementor-element-6d25a4 elementor-section-boxed elementor-section-height-default elementor-section-height-default\" data-id=\"6d25a4\" data-element_type=\"section\" data-e-type=\"section\">\n\t\t\t\t\t\t<div class=\"elementor-container elementor-column-gap-default\">\n\t\t\t\t\t<div class=\"elementor-column elementor-col-100 elementor-top-column elementor-element elementor-element-30884e8d\" data-id=\"30884e8d\" data-element_type=\"column\" data-e-type=\"column\">\n\t\t\t<div class=\"elementor-widget-wrap elementor-element-populated\">\n\t\t\t\t\t\t<div class=\"elementor-element elementor-element-47c3d0d2 elementor-widget elementor-widget-heading\" data-id=\"47c3d0d2\" data-element_type=\"widget\" data-e-type=\"widget\" data-widget_type=\"heading.default\">\n\t\t\t\t<div class=\"elementor-widget-container\">\n\t\t\t\t\t<h1 class=\"elementor-heading-title elementor-size-default\">Beispielprojekt: Bus<\/h1>\t\t\t\t<\/div>\n\t\t\t\t<\/div>\n\t\t\t\t<div class=\"elementor-element elementor-element-4c3ca5fd elementor-widget elementor-widget-text-editor\" data-id=\"4c3ca5fd\" data-element_type=\"widget\" data-e-type=\"widget\" data-widget_type=\"text-editor.default\">\n\t\t\t\t<div class=\"elementor-widget-container\">\n\t\t\t\t\t\t\t\t\t<p>Die Aufschrift auf dem neuen Kleinbus des Stadtjugendamtes verr\u00e4t es: &#8222;Ohne den F\u00f6rderverein der Spiel- und Lernstuben e. V. g\u00e4be es diesen Bus nicht!&#8220;.<\/p>\t\t\t\t\t\t\t\t<\/div>\n\t\t\t\t<\/div>\n\t\t\t\t<section class=\"elementor-section elementor-inner-section elementor-element elementor-element-33c162e elementor-section-boxed elementor-section-height-default elementor-section-height-default\" data-id=\"33c162e\" data-element_type=\"section\" data-e-type=\"section\">\n\t\t\t\t\t\t<div class=\"elementor-container elementor-column-gap-default\">\n\t\t\t\t\t<div class=\"elementor-column elementor-col-33 elementor-inner-column elementor-element elementor-element-f353b63\" data-id=\"f353b63\" data-element_type=\"column\" data-e-type=\"column\">\n\t\t\t<div class=\"elementor-widget-wrap elementor-element-populated\">\n\t\t\t\t\t\t<div class=\"elementor-element elementor-element-6f87693 elementor-widget elementor-widget-image\" data-id=\"6f87693\" data-element_type=\"widget\" data-e-type=\"widget\" data-widget_type=\"image.default\">\n\t\t\t\t<div class=\"elementor-widget-container\">\n\t\t\t\t\t\t\t\t\t\t\t\t\t\t\t<img fetchpriority=\"high\" decoding=\"async\" width=\"388\" height=\"284\" src=\"https:\/\/www.spiel-und-lernstuben.de\/WP\/wp-content\/uploads\/2019\/02\/bus2.jpg\" class=\"attachment-large size-large wp-image-198\" alt=\"\" srcset=\"https:\/\/www.spiel-und-lernstuben.de\/WP\/wp-content\/uploads\/2019\/02\/bus2.jpg 388w, https:\/\/www.spiel-und-lernstuben.de\/WP\/wp-content\/uploads\/2019\/02\/bus2-300x220.jpg 300w\" sizes=\"(max-width: 388px) 100vw, 388px\" \/>\t\t\t\t\t\t\t\t\t\t\t\t\t\t\t<\/div>\n\t\t\t\t<\/div>\n\t\t\t\t\t<\/div>\n\t\t<\/div>\n\t\t\t\t<div class=\"elementor-column elementor-col-33 elementor-inner-column elementor-element elementor-element-fd95b60\" data-id=\"fd95b60\" data-element_type=\"column\" data-e-type=\"column\">\n\t\t\t<div class=\"elementor-widget-wrap elementor-element-populated\">\n\t\t\t\t\t\t<div class=\"elementor-element elementor-element-5bb8699 elementor-widget elementor-widget-image\" data-id=\"5bb8699\" data-element_type=\"widget\" data-e-type=\"widget\" data-widget_type=\"image.default\">\n\t\t\t\t<div class=\"elementor-widget-container\">\n\t\t\t\t\t\t\t\t\t\t\t\t\t\t\t<img decoding=\"async\" width=\"228\" height=\"288\" src=\"https:\/\/www.spiel-und-lernstuben.de\/WP\/wp-content\/uploads\/2019\/02\/bus1.jpg\" class=\"attachment-large size-large wp-image-197\" alt=\"\" \/>\t\t\t\t\t\t\t\t\t\t\t\t\t\t\t<\/div>\n\t\t\t\t<\/div>\n\t\t\t\t\t<\/div>\n\t\t<\/div>\n\t\t\t\t<div class=\"elementor-column elementor-col-33 elementor-inner-column elementor-element elementor-element-0a6f4d9\" data-id=\"0a6f4d9\" data-element_type=\"column\" data-e-type=\"column\">\n\t\t\t<div class=\"elementor-widget-wrap elementor-element-populated\">\n\t\t\t\t\t\t<div class=\"elementor-element elementor-element-cad06bf elementor-widget elementor-widget-image\" data-id=\"cad06bf\" data-element_type=\"widget\" data-e-type=\"widget\" data-widget_type=\"image.default\">\n\t\t\t\t<div class=\"elementor-widget-container\">\n\t\t\t\t\t\t\t\t\t\t\t\t\t\t\t<img decoding=\"async\" width=\"376\" height=\"286\" src=\"https:\/\/www.spiel-und-lernstuben.de\/WP\/wp-content\/uploads\/2019\/02\/bus3.jpg\" class=\"attachment-large size-large wp-image-199\" alt=\"\" srcset=\"https:\/\/www.spiel-und-lernstuben.de\/WP\/wp-content\/uploads\/2019\/02\/bus3.jpg 376w, https:\/\/www.spiel-und-lernstuben.de\/WP\/wp-content\/uploads\/2019\/02\/bus3-300x228.jpg 300w\" sizes=\"(max-width: 376px) 100vw, 376px\" \/>\t\t\t\t\t\t\t\t\t\t\t\t\t\t\t<\/div>\n\t\t\t\t<\/div>\n\t\t\t\t\t<\/div>\n\t\t<\/div>\n\t\t\t\t\t<\/div>\n\t\t<\/section>\n\t\t\t\t<div class=\"elementor-element elementor-element-d8dace8 elementor-widget elementor-widget-text-editor\" data-id=\"d8dace8\" data-element_type=\"widget\" data-e-type=\"widget\" data-widget_type=\"text-editor.default\">\n\t\t\t\t<div class=\"elementor-widget-container\">\n\t\t\t\t\t\t\t\t\t<p>\u00dcber die Schl\u00fcssel\u00fcbergabe freuen sich Herr Sch\u00fcpferling (Abteilungsleiter Soziale Dienste), Frau Ruthe (Schatzmeisterin F\u00f6rderverein Spiel- und Lernstuben), Frau Schuhmann-Helmbrecht (Sachgebietsleiterin der Familienp\u00e4dagogischen Einrichtungen und der Spielstuben), Frau Troger (Vorsitzende des F\u00f6rdervereins Spiel- und Lernstuben e. V.) und Frau Birgitt A\u00dfmus (Vorsitzende des Jugendhilfeausschusse) (von links) \u00fcber das neue Fahrzeug, den auch die Kinder gleich freudestrahlend in Besitz genommen haben.<\/p><p>Der F\u00f6rderverein der Spiel- und Lernstuben e. V. unterst\u00fctzt seit Jahren die Arbeit der Einrichtungen f\u00fcr Kinder mit individuellen F\u00f6rderbedarf. Mit gro\u00dfem Engagement haben die F\u00f6rderer und Spender einen gro\u00dfen Betrag gesammelt, der nun die Anschaffung des neuen Fahrzeuges erm\u00f6glicht hat. Zum Einsatz kommt dieser Bus bei Fahrten mit den Kindern und Jugendlichen im Stadtgebiet und bei Ausfl\u00fcgen und Aktivit\u00e4ten in der fr\u00e4nkischen Schweiz und anderswo.<\/p>\t\t\t\t\t\t\t\t<\/div>\n\t\t\t\t<\/div>\n\t\t\t\t<div class=\"elementor-element elementor-element-527df0ff elementor-widget-divider--view-line elementor-widget elementor-widget-divider\" data-id=\"527df0ff\" data-element_type=\"widget\" data-e-type=\"widget\" data-widget_type=\"divider.default\">\n\t\t\t\t<div class=\"elementor-widget-container\">\n\t\t\t\t\t\t\t<div class=\"elementor-divider\">\n\t\t\t<span class=\"elementor-divider-separator\">\n\t\t\t\t\t\t<\/span>\n\t\t<\/div>\n\t\t\t\t\t\t<\/div>\n\t\t\t\t<\/div>\n\t\t\t\t\t<\/div>\n\t\t<\/div>\n\t\t\t\t\t<\/div>\n\t\t<\/section>\n\t\t\t\t<\/div>\n\t\t","protected":false},"excerpt":{"rendered":"<p>Beispielprojekt: Bus Die Aufschrift auf dem neuen Kleinbus des Stadtjugendamtes verr\u00e4t es: &#8222;Ohne den F\u00f6rderverein der Spiel- und Lernstuben e. V. g\u00e4be es diesen Bus nicht!&#8220;. \u00dcber die Schl\u00fcssel\u00fcbergabe freuen sich Herr Sch\u00fcpferling (Abteilungsleiter Soziale Dienste), Frau Ruthe (Schatzmeisterin F\u00f6rderverein Spiel- und Lernstuben), Frau Schuhmann-Helmbrecht (Sachgebietsleiterin der Familienp\u00e4dagogischen Einrichtungen und der Spielstuben), Frau Troger (Vorsitzende [&hellip;]<\/p>\n","protected":false},"author":2,"featured_media":0,"parent":0,"menu_order":0,"comment_status":"closed","ping_status":"closed","template":"","meta":{"ocean_post_layout":"","ocean_both_sidebars_style":"","ocean_both_sidebars_content_width":0,"ocean_both_sidebars_sidebars_width":0,"ocean_sidebar":"0","ocean_second_sidebar":"0","ocean_disable_margins":"enable","ocean_add_body_class":"","ocean_shortcode_before_top_bar":"","ocean_shortcode_after_top_bar":"","ocean_shortcode_before_header":"","ocean_shortcode_after_header":"","ocean_has_shortcode":"","ocean_shortcode_after_title":"","ocean_shortcode_before_footer_widgets":"","ocean_shortcode_after_footer_widgets":"","ocean_shortcode_before_footer_bottom":"","ocean_shortcode_after_footer_bottom":"","ocean_display_top_bar":"default","ocean_display_header":"default","ocean_header_style":"","ocean_center_header_left_menu":"0","ocean_custom_header_template":"0","ocean_custom_logo":0,"ocean_custom_retina_logo":0,"ocean_custom_logo_max_width":0,"ocean_custom_logo_tablet_max_width":0,"ocean_custom_logo_mobile_max_width":0,"ocean_custom_logo_max_height":0,"ocean_custom_logo_tablet_max_height":0,"ocean_custom_logo_mobile_max_height":0,"ocean_header_custom_menu":"0","ocean_menu_typo_font_family":"0","ocean_menu_typo_font_subset":"","ocean_menu_typo_font_size":0,"ocean_menu_typo_font_size_tablet":0,"ocean_menu_typo_font_size_mobile":0,"ocean_menu_typo_font_size_unit":"px","ocean_menu_typo_font_weight":"","ocean_menu_typo_font_weight_tablet":"","ocean_menu_typo_font_weight_mobile":"","ocean_menu_typo_transform":"","ocean_menu_typo_transform_tablet":"","ocean_menu_typo_transform_mobile":"","ocean_menu_typo_line_height":0,"ocean_menu_typo_line_height_tablet":0,"ocean_menu_typo_line_height_mobile":0,"ocean_menu_typo_line_height_unit":"","ocean_menu_typo_spacing":0,"ocean_menu_typo_spacing_tablet":0,"ocean_menu_typo_spacing_mobile":0,"ocean_menu_typo_spacing_unit":"","ocean_menu_link_color":"","ocean_menu_link_color_hover":"","ocean_menu_link_color_active":"","ocean_menu_link_background":"","ocean_menu_link_hover_background":"","ocean_menu_link_active_background":"","ocean_menu_social_links_bg":"","ocean_menu_social_hover_links_bg":"","ocean_menu_social_links_color":"","ocean_menu_social_hover_links_color":"","ocean_disable_title":"default","ocean_disable_heading":"default","ocean_post_title":"","ocean_post_subheading":"","ocean_post_title_style":"","ocean_post_title_background_color":"","ocean_post_title_background":0,"ocean_post_title_bg_image_position":"","ocean_post_title_bg_image_attachment":"","ocean_post_title_bg_image_repeat":"","ocean_post_title_bg_image_size":"","ocean_post_title_height":0,"ocean_post_title_bg_overlay":0.5,"ocean_post_title_bg_overlay_color":"","ocean_disable_breadcrumbs":"default","ocean_breadcrumbs_color":"","ocean_breadcrumbs_separator_color":"","ocean_breadcrumbs_links_color":"","ocean_breadcrumbs_links_hover_color":"","ocean_display_footer_widgets":"default","ocean_display_footer_bottom":"default","ocean_custom_footer_template":"0","footnotes":""},"class_list":["post-38","page","type-page","status-publish","hentry","entry"],"_links":{"self":[{"href":"https:\/\/www.spiel-und-lernstuben.de\/WP\/index.php?rest_route=\/wp\/v2\/pages\/38","targetHints":{"allow":["GET"]}}],"collection":[{"href":"https:\/\/www.spiel-und-lernstuben.de\/WP\/index.php?rest_route=\/wp\/v2\/pages"}],"about":[{"href":"https:\/\/www.spiel-und-lernstuben.de\/WP\/index.php?rest_route=\/wp\/v2\/types\/page"}],"author":[{"embeddable":true,"href":"https:\/\/www.spiel-und-lernstuben.de\/WP\/index.php?rest_route=\/wp\/v2\/users\/2"}],"replies":[{"embeddable":true,"href":"https:\/\/www.spiel-und-lernstuben.de\/WP\/index.php?rest_route=%2Fwp%2Fv2%2Fcomments&post=38"}],"version-history":[{"count":2,"href":"https:\/\/www.spiel-und-lernstuben.de\/WP\/index.php?rest_route=\/wp\/v2\/pages\/38\/revisions"}],"predecessor-version":[{"id":200,"href":"https:\/\/www.spiel-und-lernstuben.de\/WP\/index.php?rest_route=\/wp\/v2\/pages\/38\/revisions\/200"}],"wp:attachment":[{"href":"https:\/\/www.spiel-und-lernstuben.de\/WP\/index.php?rest_route=%2Fwp%2Fv2%2Fmedia&parent=38"}],"curies":[{"name":"wp","href":"https:\/\/api.w.org\/{rel}","templated":true}]}}