{"id":40,"date":"2019-02-19T11:35:34","date_gmt":"2019-02-19T10:35:34","guid":{"rendered":"http:\/\/www.spiel-und-lernstuben.de\/WP\/?page_id=40"},"modified":"2019-02-25T00:10:36","modified_gmt":"2019-02-24T23:10:36","slug":"projekt-berlinfahrt","status":"publish","type":"page","link":"https:\/\/www.spiel-und-lernstuben.de\/WP\/?page_id=40","title":{"rendered":"Projekt: Berlinfahrt"},"content":{"rendered":"\t\t<div data-elementor-type=\"wp-post\" data-elementor-id=\"40\" class=\"elementor elementor-40 elementor-bc-flex-widget\">\n\t\t\t\t\t\t<section class=\"elementor-section elementor-top-section elementor-element elementor-element-20ff5371 elementor-section-boxed elementor-section-height-default elementor-section-height-default\" data-id=\"20ff5371\" data-element_type=\"section\" data-e-type=\"section\">\n\t\t\t\t\t\t<div class=\"elementor-container elementor-column-gap-default\">\n\t\t\t\t\t<div class=\"elementor-column elementor-col-100 elementor-top-column elementor-element elementor-element-58372972\" data-id=\"58372972\" data-element_type=\"column\" data-e-type=\"column\">\n\t\t\t<div class=\"elementor-widget-wrap elementor-element-populated\">\n\t\t\t\t\t\t<div class=\"elementor-element elementor-element-3d9a81f8 elementor-widget elementor-widget-text-editor\" data-id=\"3d9a81f8\" data-element_type=\"widget\" data-e-type=\"widget\" data-widget_type=\"text-editor.default\">\n\t\t\t\t<div class=\"elementor-widget-container\">\n\t\t\t\t\t\t\t\t\t<p>Sch\u00fclerinnen und ein Sch\u00fcler der Hauptschullernstube Bruck, die in diesem Jahr ihren Abschluss machen, fuhren u.a. zur Vorbereitung darauf eine knappe Woche nach Berlin. Hier erlebten sie Politik, Geschichte und Kultur zum Anfassen: Bundestag, Museen, Musical, Gro\u00dfstadtflair; aber auch Gruppenerlebnisse wie gemeinsames Kochen im Hostel oder Spieleabende. Erm\u00f6glicht wurde die Fahrt u.a. durch die Weihnachts-Benefizaktion der Spardabank N\u00fcrnberg (einen Betrag daraus stellte der F\u00f6rderkreis f\u00fcr &#8222;Kultur&#8220; zur Verf\u00fcgung), aber auch ganz besonders durch die Unterst\u00fctzung des MdB Stefan M\u00fcller. Frau G\u00f6rlich, die B\u00fcroleiterin, griff helfend ein, als der Besuch des Bundestags zu scheitern drohte und Stefan M\u00fcller lud alle aus eigener Tasche zu &#8222;Madame Tussauds&#8220; ein. Wir danken beiden im Namen des F\u00f6rderkreises daf\u00fcr herzlich.<\/p>\t\t\t\t\t\t\t\t<\/div>\n\t\t\t\t<\/div>\n\t\t\t\t<div class=\"elementor-element elementor-element-96ffd82 gallery-spacing-custom elementor-widget elementor-widget-image-gallery\" data-id=\"96ffd82\" data-element_type=\"widget\" data-e-type=\"widget\" data-widget_type=\"image-gallery.default\">\n\t\t\t\t<div class=\"elementor-widget-container\">\n\t\t\t\t\t\t\t<div class=\"elementor-image-gallery\">\n\t\t\t<div id='gallery-1' class='gallery galleryid-40 gallery-columns-2 gallery-size-full'><figure class='gallery-item'>\n\t\t\t<div class='gallery-icon landscape'>\n\t\t\t\t<a data-elementor-open-lightbox=\"yes\" data-elementor-lightbox-slideshow=\"96ffd82\" data-elementor-lightbox-title=\"b1\" data-e-action-hash=\"#elementor-action%3Aaction%3Dlightbox%26settings%3DeyJpZCI6MjAxLCJ1cmwiOiJodHRwczpcL1wvd3d3LnNwaWVsLXVuZC1sZXJuc3R1YmVuLmRlXC9XUFwvd3AtY29udGVudFwvdXBsb2Fkc1wvMjAxOVwvMDJcL2IxLmpwZyIsInNsaWRlc2hvdyI6Ijk2ZmZkODIifQ%3D%3D\" href='https:\/\/www.spiel-und-lernstuben.de\/WP\/wp-content\/uploads\/2019\/02\/b1.jpg'><img fetchpriority=\"high\" decoding=\"async\" width=\"300\" height=\"225\" src=\"https:\/\/www.spiel-und-lernstuben.de\/WP\/wp-content\/uploads\/2019\/02\/b1.jpg\" class=\"attachment-full size-full\" alt=\"\" \/><\/a>\n\t\t\t<\/div><\/figure><figure class='gallery-item'>\n\t\t\t<div class='gallery-icon landscape'>\n\t\t\t\t<a data-elementor-open-lightbox=\"yes\" data-elementor-lightbox-slideshow=\"96ffd82\" data-elementor-lightbox-title=\"b2\" data-e-action-hash=\"#elementor-action%3Aaction%3Dlightbox%26settings%3DeyJpZCI6MjAyLCJ1cmwiOiJodHRwczpcL1wvd3d3LnNwaWVsLXVuZC1sZXJuc3R1YmVuLmRlXC9XUFwvd3AtY29udGVudFwvdXBsb2Fkc1wvMjAxOVwvMDJcL2IyLmpwZyIsInNsaWRlc2hvdyI6Ijk2ZmZkODIifQ%3D%3D\" href='https:\/\/www.spiel-und-lernstuben.de\/WP\/wp-content\/uploads\/2019\/02\/b2.jpg'><img decoding=\"async\" width=\"300\" height=\"225\" src=\"https:\/\/www.spiel-und-lernstuben.de\/WP\/wp-content\/uploads\/2019\/02\/b2.jpg\" class=\"attachment-full size-full\" alt=\"\" \/><\/a>\n\t\t\t<\/div><\/figure><figure class='gallery-item'>\n\t\t\t<div class='gallery-icon landscape'>\n\t\t\t\t<a data-elementor-open-lightbox=\"yes\" data-elementor-lightbox-slideshow=\"96ffd82\" data-elementor-lightbox-title=\"b3\" data-e-action-hash=\"#elementor-action%3Aaction%3Dlightbox%26settings%3DeyJpZCI6MjAzLCJ1cmwiOiJodHRwczpcL1wvd3d3LnNwaWVsLXVuZC1sZXJuc3R1YmVuLmRlXC9XUFwvd3AtY29udGVudFwvdXBsb2Fkc1wvMjAxOVwvMDJcL2IzLmpwZyIsInNsaWRlc2hvdyI6Ijk2ZmZkODIifQ%3D%3D\" href='https:\/\/www.spiel-und-lernstuben.de\/WP\/wp-content\/uploads\/2019\/02\/b3.jpg'><img decoding=\"async\" width=\"300\" height=\"225\" src=\"https:\/\/www.spiel-und-lernstuben.de\/WP\/wp-content\/uploads\/2019\/02\/b3.jpg\" class=\"attachment-full size-full\" alt=\"\" \/><\/a>\n\t\t\t<\/div><\/figure><figure class='gallery-item'>\n\t\t\t<div class='gallery-icon landscape'>\n\t\t\t\t<a data-elementor-open-lightbox=\"yes\" data-elementor-lightbox-slideshow=\"96ffd82\" data-elementor-lightbox-title=\"b4\" data-e-action-hash=\"#elementor-action%3Aaction%3Dlightbox%26settings%3DeyJpZCI6MjA0LCJ1cmwiOiJodHRwczpcL1wvd3d3LnNwaWVsLXVuZC1sZXJuc3R1YmVuLmRlXC9XUFwvd3AtY29udGVudFwvdXBsb2Fkc1wvMjAxOVwvMDJcL2I0LmpwZyIsInNsaWRlc2hvdyI6Ijk2ZmZkODIifQ%3D%3D\" href='https:\/\/www.spiel-und-lernstuben.de\/WP\/wp-content\/uploads\/2019\/02\/b4.jpg'><img loading=\"lazy\" decoding=\"async\" width=\"300\" height=\"225\" src=\"https:\/\/www.spiel-und-lernstuben.de\/WP\/wp-content\/uploads\/2019\/02\/b4.jpg\" class=\"attachment-full size-full\" alt=\"\" \/><\/a>\n\t\t\t<\/div><\/figure><figure class='gallery-item'>\n\t\t\t<div class='gallery-icon landscape'>\n\t\t\t\t<a data-elementor-open-lightbox=\"yes\" data-elementor-lightbox-slideshow=\"96ffd82\" data-elementor-lightbox-title=\"b5\" data-e-action-hash=\"#elementor-action%3Aaction%3Dlightbox%26settings%3DeyJpZCI6MjA1LCJ1cmwiOiJodHRwczpcL1wvd3d3LnNwaWVsLXVuZC1sZXJuc3R1YmVuLmRlXC9XUFwvd3AtY29udGVudFwvdXBsb2Fkc1wvMjAxOVwvMDJcL2I1LmpwZyIsInNsaWRlc2hvdyI6Ijk2ZmZkODIifQ%3D%3D\" href='https:\/\/www.spiel-und-lernstuben.de\/WP\/wp-content\/uploads\/2019\/02\/b5.jpg'><img loading=\"lazy\" decoding=\"async\" width=\"300\" height=\"225\" src=\"https:\/\/www.spiel-und-lernstuben.de\/WP\/wp-content\/uploads\/2019\/02\/b5.jpg\" class=\"attachment-full size-full\" alt=\"\" \/><\/a>\n\t\t\t<\/div><\/figure><figure class='gallery-item'>\n\t\t\t<div class='gallery-icon portrait'>\n\t\t\t\t<a data-elementor-open-lightbox=\"yes\" data-elementor-lightbox-slideshow=\"96ffd82\" data-elementor-lightbox-title=\"b6\" data-e-action-hash=\"#elementor-action%3Aaction%3Dlightbox%26settings%3DeyJpZCI6MjA2LCJ1cmwiOiJodHRwczpcL1wvd3d3LnNwaWVsLXVuZC1sZXJuc3R1YmVuLmRlXC9XUFwvd3AtY29udGVudFwvdXBsb2Fkc1wvMjAxOVwvMDJcL2I2LmpwZyIsInNsaWRlc2hvdyI6Ijk2ZmZkODIifQ%3D%3D\" href='https:\/\/www.spiel-und-lernstuben.de\/WP\/wp-content\/uploads\/2019\/02\/b6.jpg'><img loading=\"lazy\" decoding=\"async\" width=\"300\" height=\"400\" src=\"https:\/\/www.spiel-und-lernstuben.de\/WP\/wp-content\/uploads\/2019\/02\/b6.jpg\" class=\"attachment-full size-full\" alt=\"\" srcset=\"https:\/\/www.spiel-und-lernstuben.de\/WP\/wp-content\/uploads\/2019\/02\/b6.jpg 300w, https:\/\/www.spiel-und-lernstuben.de\/WP\/wp-content\/uploads\/2019\/02\/b6-225x300.jpg 225w\" sizes=\"(max-width: 300px) 100vw, 300px\" \/><\/a>\n\t\t\t<\/div><\/figure>\n\t\t<\/div>\n\t\t<\/div>\n\t\t\t\t\t\t<\/div>\n\t\t\t\t<\/div>\n\t\t\t\t<div class=\"elementor-element elementor-element-1a0cac1 elementor-widget-divider--view-line elementor-widget elementor-widget-divider\" data-id=\"1a0cac1\" data-element_type=\"widget\" data-e-type=\"widget\" data-widget_type=\"divider.default\">\n\t\t\t\t<div class=\"elementor-widget-container\">\n\t\t\t\t\t\t\t<div class=\"elementor-divider\">\n\t\t\t<span class=\"elementor-divider-separator\">\n\t\t\t\t\t\t<\/span>\n\t\t<\/div>\n\t\t\t\t\t\t<\/div>\n\t\t\t\t<\/div>\n\t\t\t\t\t<\/div>\n\t\t<\/div>\n\t\t\t\t\t<\/div>\n\t\t<\/section>\n\t\t\t\t<\/div>\n\t\t","protected":false},"excerpt":{"rendered":"<p>Sch\u00fclerinnen und ein Sch\u00fcler der Hauptschullernstube Bruck, die in diesem Jahr ihren Abschluss machen, fuhren u.a. zur Vorbereitung darauf eine knappe Woche nach Berlin. Hier erlebten sie Politik, Geschichte und Kultur zum Anfassen: Bundestag, Museen, Musical, Gro\u00dfstadtflair; aber auch Gruppenerlebnisse wie gemeinsames Kochen im Hostel oder Spieleabende. Erm\u00f6glicht wurde die Fahrt u.a. durch die Weihnachts-Benefizaktion [&hellip;]<\/p>\n","protected":false},"author":2,"featured_media":0,"parent":0,"menu_order":0,"comment_status":"closed","ping_status":"closed","template":"","meta":{"ocean_post_layout":"","ocean_both_sidebars_style":"","ocean_both_sidebars_content_width":0,"ocean_both_sidebars_sidebars_width":0,"ocean_sidebar":"0","ocean_second_sidebar":"0","ocean_disable_margins":"enable","ocean_add_body_class":"","ocean_shortcode_before_top_bar":"","ocean_shortcode_after_top_bar":"","ocean_shortcode_before_header":"","ocean_shortcode_after_header":"","ocean_has_shortcode":"","ocean_shortcode_after_title":"","ocean_shortcode_before_footer_widgets":"","ocean_shortcode_after_footer_widgets":"","ocean_shortcode_before_footer_bottom":"","ocean_shortcode_after_footer_bottom":"","ocean_display_top_bar":"default","ocean_display_header":"default","ocean_header_style":"","ocean_center_header_left_menu":"0","ocean_custom_header_template":"0","ocean_custom_logo":0,"ocean_custom_retina_logo":0,"ocean_custom_logo_max_width":0,"ocean_custom_logo_tablet_max_width":0,"ocean_custom_logo_mobile_max_width":0,"ocean_custom_logo_max_height":0,"ocean_custom_logo_tablet_max_height":0,"ocean_custom_logo_mobile_max_height":0,"ocean_header_custom_menu":"0","ocean_menu_typo_font_family":"0","ocean_menu_typo_font_subset":"","ocean_menu_typo_font_size":0,"ocean_menu_typo_font_size_tablet":0,"ocean_menu_typo_font_size_mobile":0,"ocean_menu_typo_font_size_unit":"px","ocean_menu_typo_font_weight":"","ocean_menu_typo_font_weight_tablet":"","ocean_menu_typo_font_weight_mobile":"","ocean_menu_typo_transform":"","ocean_menu_typo_transform_tablet":"","ocean_menu_typo_transform_mobile":"","ocean_menu_typo_line_height":0,"ocean_menu_typo_line_height_tablet":0,"ocean_menu_typo_line_height_mobile":0,"ocean_menu_typo_line_height_unit":"","ocean_menu_typo_spacing":0,"ocean_menu_typo_spacing_tablet":0,"ocean_menu_typo_spacing_mobile":0,"ocean_menu_typo_spacing_unit":"","ocean_menu_link_color":"","ocean_menu_link_color_hover":"","ocean_menu_link_color_active":"","ocean_menu_link_background":"","ocean_menu_link_hover_background":"","ocean_menu_link_active_background":"","ocean_menu_social_links_bg":"","ocean_menu_social_hover_links_bg":"","ocean_menu_social_links_color":"","ocean_menu_social_hover_links_color":"","ocean_disable_title":"default","ocean_disable_heading":"default","ocean_post_title":"","ocean_post_subheading":"","ocean_post_title_style":"","ocean_post_title_background_color":"","ocean_post_title_background":0,"ocean_post_title_bg_image_position":"","ocean_post_title_bg_image_attachment":"","ocean_post_title_bg_image_repeat":"","ocean_post_title_bg_image_size":"","ocean_post_title_height":0,"ocean_post_title_bg_overlay":0.5,"ocean_post_title_bg_overlay_color":"","ocean_disable_breadcrumbs":"default","ocean_breadcrumbs_color":"","ocean_breadcrumbs_separator_color":"","ocean_breadcrumbs_links_color":"","ocean_breadcrumbs_links_hover_color":"","ocean_display_footer_widgets":"default","ocean_display_footer_bottom":"default","ocean_custom_footer_template":"0","footnotes":""},"class_list":["post-40","page","type-page","status-publish","hentry","entry"],"_links":{"self":[{"href":"https:\/\/www.spiel-und-lernstuben.de\/WP\/index.php?rest_route=\/wp\/v2\/pages\/40","targetHints":{"allow":["GET"]}}],"collection":[{"href":"https:\/\/www.spiel-und-lernstuben.de\/WP\/index.php?rest_route=\/wp\/v2\/pages"}],"about":[{"href":"https:\/\/www.spiel-und-lernstuben.de\/WP\/index.php?rest_route=\/wp\/v2\/types\/page"}],"author":[{"embeddable":true,"href":"https:\/\/www.spiel-und-lernstuben.de\/WP\/index.php?rest_route=\/wp\/v2\/users\/2"}],"replies":[{"embeddable":true,"href":"https:\/\/www.spiel-und-lernstuben.de\/WP\/index.php?rest_route=%2Fwp%2Fv2%2Fcomments&post=40"}],"version-history":[{"count":2,"href":"https:\/\/www.spiel-und-lernstuben.de\/WP\/index.php?rest_route=\/wp\/v2\/pages\/40\/revisions"}],"predecessor-version":[{"id":207,"href":"https:\/\/www.spiel-und-lernstuben.de\/WP\/index.php?rest_route=\/wp\/v2\/pages\/40\/revisions\/207"}],"wp:attachment":[{"href":"https:\/\/www.spiel-und-lernstuben.de\/WP\/index.php?rest_route=%2Fwp%2Fv2%2Fmedia&parent=40"}],"curies":[{"name":"wp","href":"https:\/\/api.w.org\/{rel}","templated":true}]}}